{"id":429,"date":"2022-12-12T10:48:12","date_gmt":"2022-12-12T10:48:12","guid":{"rendered":"https:\/\/almoxarifado.pmtf.com.br\/site\/home\/"},"modified":"2024-07-11T19:42:19","modified_gmt":"2024-07-11T19:42:19","slug":"inicio","status":"publish","type":"page","link":"https:\/\/almoxarifado.pmtf.com.br\/site\/","title":{"rendered":"In\u00edcio"},"content":{"rendered":"\n<div class=\"wp-block-uagb-container uagb-block-6f3cf51b alignfull uagb-is-root-container\">\n<div class=\"wp-block-uagb-container uagb-block-aa1beb5e\">\n<div style=\"margin-top:0;margin-bottom:0;height:300px\" aria-hidden=\"true\" class=\"wp-block-spacer\"><\/div>\n<\/div>\n\n\n\n<div class=\"wp-block-uagb-container uagb-block-96a6cd36\">\n<div class=\"wp-block-uagb-advanced-heading uagb-block-56179a2d\"><h1 class=\"uagb-heading-text\">Bem-vindo!<\/h1><\/div>\n\n\n\n<div data-aos= \"fade\" data-aos-duration=\"400\" data-aos-delay=\"0\" data-aos-easing=\"ease\" data-aos-once=\"true\" class=\"wp-block-uagb-info-box uagb-block-06d472f0 uagb-infobox__content-wrap  uagb-infobox-icon-above-title uagb-infobox-image-valign-top\"><div class=\"uagb-ifb-content\"><div class=\"uagb-ifb-title-wrap\"><h2 class=\"uagb-ifb-title\">Ao Almoxarifado Central da Prefeitura de Teixeira de Freitas.<\/h2><\/div><p class=\"uagb-ifb-desc\">Somos capazes de oferecer uma ampla gama de servi\u00e7os de valor agregado, que trazem flexibilidade e reduzem custos, potencializando nossas opera\u00e7\u00f5es log\u00edsticas.<\/p><\/div><\/div>\n\n\n\n<div class=\"wp-block-uagb-buttons uagb-buttons__outer-wrap uagb-btn__default-btn uagb-btn-tablet__default-btn uagb-btn-mobile__default-btn uagb-block-950027dc\"><div class=\"uagb-buttons__wrap uagb-buttons-layout-wrap\">\n<div class=\"wp-block-uagb-buttons-child uagb-buttons__outer-wrap uagb-block-5baa9bf8 wp-block-button is-style-outline\"><div class=\"uagb-button__wrapper\"><a class=\"uagb-buttons-repeater wp-block-button__link\" href=\"https:\/\/almoxarifado.pmtf.com.br\/site\/servicos\/\" onclick=\"return true;\" rel=\"follow noopener\" target=\"_self\"><div class=\"uagb-button__link\">Saiba Mais<\/div><\/a><\/div><\/div>\n<\/div><\/div>\n<\/div>\n<\/div>\n\n\n\n<div class=\"wp-block-uagb-container uagb-block-5f1d19fc alignfull uagb-is-root-container\"><div class=\"uagb-container-inner-blocks-wrap\">\n<div data-aos= \"zoom-in\" data-aos-duration=\"400\" data-aos-delay=\"0\" data-aos-easing=\"ease\" data-aos-once=\"true\" class=\"wp-block-uagb-info-box uagb-block-7851b129 uagb-infobox__content-wrap  uagb-infobox_cta-type-all uagb-infobox-icon-left-title uagb-infobox-left uagb-infobox-image-valign-middle\"><a href=\"https:\/\/almoxarifado.pmtf.com.br\/site\/contato\/\" class=\"uagb-infobox-link-wrap uagb-infbox__link-to-all\" target=\"_self\" aria-label=\"Infobox Link\" rel=\"noopener noreferrer\" onclick=\"return true;\"><\/a><div class=\"uagb-ifb-content\"><div class=\"uagb-ifb-left-title-image\"><div class=\"uagb-ifb-icon-wrap\"><svg xmlns=\"https:\/\/www.w3.org\/2000\/svg\" viewBox=\"0 0 512 512\"><path d=\"M464 64C490.5 64 512 85.49 512 112C512 127.1 504.9 141.3 492.8 150.4L275.2 313.6C263.8 322.1 248.2 322.1 236.8 313.6L19.2 150.4C7.113 141.3 0 127.1 0 112C0 85.49 21.49 64 48 64H464zM217.6 339.2C240.4 356.3 271.6 356.3 294.4 339.2L512 176V384C512 419.3 483.3 448 448 448H64C28.65 448 0 419.3 0 384V176L217.6 339.2z\"><\/path><\/svg><\/div><div class=\"uagb-ifb-title-wrap\"><h3 class=\"uagb-ifb-title\">Sinta-se \u00e0 vontade para nos enviar suas d\u00favidas.<\/h3><\/div><\/div><div class=\"uagb-ifb-button-wrapper wp-block-button\"><\/div><\/div><\/div>\n<\/div><\/div>\n\n\n\n<div class=\"wp-block-uagb-container uagb-block-c207aee5 alignfull uagb-is-root-container\"><div class=\"uagb-container-inner-blocks-wrap\">\n<div class=\"wp-block-uagb-container uagb-block-75d6260e\">\n<div class=\"wp-block-uagb-info-box uagb-block-8ffebaf6 uagb-infobox__content-wrap  uagb-infobox-icon-above-title uagb-infobox-image-valign-top\"><div class=\"uagb-ifb-content\"><div class=\"uagb-ifb-separator\"><\/div><div class=\"uagb-ifb-title-wrap\"><\/div><\/div><\/div>\n<\/div>\n\n\n\n<div class=\"wp-block-uagb-container uagb-block-9937179d\">\n<div class=\"wp-block-uagb-advanced-heading uagb-block-48318b01\"><h2 class=\"uagb-heading-text\">Servi\u00e7o de valor agregado!<\/h2><p class=\"uagb-desc-text\">O Almoxarifado Central tem como objetivo disponibilizar materiais de consumo e equipamentos necess\u00e1rios para o andamento das atividades da Secretaria de Sa\u00fade e da Secretaria de Administra\u00e7\u00e3o, vinculadas \u00e0 Prefeitura Municipal de Teixeira de Freitas.<\/p><\/div>\n\n\n\n<div class=\"wp-block-uagb-info-box uagb-block-d470c59d uagb-infobox__content-wrap  uagb-infobox-icon-above-title uagb-infobox-image-valign-top\"><div class=\"uagb-ifb-content\"><div class=\"uagb-ifb-title-wrap\"><\/div><p class=\"uagb-ifb-desc\">Nossas atividades englobam recepcionar, conferir, organizar, armazenar, controlar e realizar a gest\u00e3o de distribui\u00e7\u00e3o para todos os setores, departamentos e subunidades. Em nossas instala\u00e7\u00f5es, somos capazes de oferecer uma grande variedade de servi\u00e7os de valor agregado, trazendo flexibilidade e minimizando custos, o que potencializa as opera\u00e7\u00f5es log\u00edsticas.<\/p><\/div><\/div>\n<\/div>\n<\/div><\/div>\n\n\n\n<div class=\"wp-block-uagb-container uagb-block-d5e1f6f9 alignfull uagb-is-root-container\"><div class=\"uagb-container-inner-blocks-wrap\">\n<div class=\"wp-block-uagb-container uagb-block-6b33a841\">\n<div data-aos= \"fade\" data-aos-duration=\"400\" data-aos-delay=\"0\" data-aos-easing=\"ease\" data-aos-once=\"true\" class=\"wp-block-uagb-info-box uagb-block-a4bbc5e3 uagb-infobox__content-wrap  uagb-infobox-icon-above-title uagb-infobox-image-valign-top\"><div class=\"uagb-ifb-content\"><div class=\"uagb-ifb-image-content\"><img decoding=\"async\" src=\"https:\/\/almoxarifado.pmtf.com.br\/site\/wp-content\/uploads\/2023\/07\/peso.png\" alt=\"\" width=\"\" height=\"0\" loading=\"lazy\"\/><\/div><div class=\"uagb-ifb-title-wrap\"><h3 class=\"uagb-ifb-title\">+23.000 quilos<\/h3><\/div><p class=\"uagb-ifb-desc\">De materiais diversos, entregues as unidades b\u00e1sicas de sa\u00fade e ao HMTF.<\/p><\/div><\/div>\n\n\n\n<div data-aos= \"fade\" data-aos-duration=\"400\" data-aos-delay=\"0\" data-aos-easing=\"ease\" data-aos-once=\"true\" class=\"wp-block-uagb-info-box uagb-block-ac825c74 uagb-infobox__content-wrap  uagb-infobox-icon-above-title uagb-infobox-image-valign-top\"><div class=\"uagb-ifb-content\"><div class=\"uagb-ifb-image-content\"><img decoding=\"async\" src=\"https:\/\/almoxarifado.pmtf.com.br\/site\/wp-content\/uploads\/2023\/07\/time.png\" alt=\"\" width=\"\" height=\"0\" loading=\"lazy\"\/><\/div><div class=\"uagb-ifb-title-wrap\"><h3 class=\"uagb-ifb-title\">Atendimento Emergencial<\/h3><\/div><p class=\"uagb-ifb-desc\">Atendimento as demandas urgentes das unidades 24 horas por dia, 7 dias por semana.<\/p><\/div><\/div>\n\n\n\n<div data-aos= \"fade\" data-aos-duration=\"400\" data-aos-delay=\"0\" data-aos-easing=\"ease\" data-aos-once=\"true\" class=\"wp-block-uagb-info-box uagb-block-85783e70 uagb-infobox__content-wrap  uagb-infobox-icon-above-title uagb-infobox-image-valign-top\"><div class=\"uagb-ifb-content\"><div class=\"uagb-ifb-image-content\"><img decoding=\"async\" src=\"https:\/\/almoxarifado.pmtf.com.br\/site\/wp-content\/uploads\/2023\/07\/van.png\" alt=\"\" width=\"\" height=\"0\" loading=\"lazy\"\/><\/div><div class=\"uagb-ifb-title-wrap\"><h3 class=\"uagb-ifb-title\">Log\u00edstica Eficiente<\/h3><\/div><p class=\"uagb-ifb-desc\">Entregas antes dos prazos estabelecidos, oferendo maior efici\u00eancia.<\/p><\/div><\/div>\n<\/div>\n<\/div><\/div>\n\n\n\n<div class=\"wp-block-uagb-container uagb-block-6d1a6c23 alignfull uagb-is-root-container\"><div class=\"uagb-container-inner-blocks-wrap\">\n<div class=\"wp-block-uagb-advanced-heading uagb-block-48438f16\"><h2 class=\"uagb-heading-text\">Conhe\u00e7a um pouco sobre os produtos e a\u00e7\u00f5es do Almoxarifado Central.<\/h2><p class=\"uagb-desc-text\">Aqui tem a\u00e7\u00f5es por todo lado.<\/p><\/div>\n\n\n\n\t\t\t<div data-aos= \"zoom-in\" data-aos-duration=\"400\" data-aos-delay=\"0\" data-aos-easing=\"ease\" data-aos-once=\"true\" class=\"wp-block-uagb-post-carousel uagb-post-grid  uagb-post__image-position-top uagb-post__image-enabled uagb-block-4f5a8705     uagb-post__arrow-outside uagb-post__items uagb-post__columns-3 is-carousel uagb-post__columns-tablet-2 uagb-post__columns-mobile-1 uagb-post__carousel_equal-height\" data-total=\"1\" style=\"\">\n\n\t\t\t\t\t\t\t\t\t\t\t\t<article class=\"uagb-post__inner-wrap\">\t\t\t\t\t\t\t\t<h4 class=\"uagb-post__title uagb-post__text\">\n\t\t\t\t<a href=\"https:\/\/almoxarifado.pmtf.com.br\/site\/fresubin\/\" target=\"_self\" rel=\"bookmark noopener noreferrer\">Fresubin<\/a>\n\t\t\t<\/h4>\n\t\t\t\t\t\t<div class='uagb-post__text uagb-post-grid-byline'>\n\t\t\t\t\t\t\t\t<time datetime=\"2023-07-11T20:29:54+00:00\" class=\"uagb-post__date\">\n\t\t\t\t<span class=\"dashicons-calendar dashicons\"><\/span>\t\t\t\t\tjulho 11, 2023\t\t\t\t<\/time>\n\t\t\t\t\t\t<\/div>\n\t\t\t\t\t\t\t<div class='uagb-post__text uagb-post__excerpt'>\n\t\t\t\t\t<p>Fresubin \u00e9 uma linha composta por produtos nutricionais fabricados na Europa,&#8230;\t\t\t\t<\/div>\n\t\t\t\t\t\t<div class=\"uagb-post__text uagb-post__cta wp-block-button\">\n\t\t\t\t<a class=\"wp-block-button__link uagb-text-link\" href=\"https:\/\/almoxarifado.pmtf.com.br\/site\/fresubin\/\" target=\"_self\" rel=\"bookmark noopener noreferrer\">Leia mais<\/a>\n\t\t\t<\/div>\n\t\t\t\t\t\t\t\t\t\t\t\t<\/article>\n\t\t\t\t\t\t\t\t\t\t\t\t\t\t\t\t<article class=\"uagb-post__inner-wrap\">\t\t\t\t\t\t\t\t<h4 class=\"uagb-post__title uagb-post__text\">\n\t\t\t\t<a href=\"https:\/\/almoxarifado.pmtf.com.br\/site\/trastuzumabe\/\" target=\"_self\" rel=\"bookmark noopener noreferrer\">Trastuzumabe<\/a>\n\t\t\t<\/h4>\n\t\t\t\t\t\t<div class='uagb-post__text uagb-post-grid-byline'>\n\t\t\t\t\t\t\t\t<time datetime=\"2023-07-10T18:33:39+00:00\" class=\"uagb-post__date\">\n\t\t\t\t<span class=\"dashicons-calendar dashicons\"><\/span>\t\t\t\t\tjulho 10, 2023\t\t\t\t<\/time>\n\t\t\t\t\t\t<\/div>\n\t\t\t\t\t\t\t<div class='uagb-post__text uagb-post__excerpt'>\n\t\t\t\t\t<p>O Almoxarifado Central realiza o armazenamento e distribui\u00e7\u00e3o do medicamento Trastuzumabe,&#8230;\t\t\t\t<\/div>\n\t\t\t\t\t\t<div class=\"uagb-post__text uagb-post__cta wp-block-button\">\n\t\t\t\t<a class=\"wp-block-button__link uagb-text-link\" href=\"https:\/\/almoxarifado.pmtf.com.br\/site\/trastuzumabe\/\" target=\"_self\" rel=\"bookmark noopener noreferrer\">Leia mais<\/a>\n\t\t\t<\/div>\n\t\t\t\t\t\t\t\t\t\t\t\t<\/article>\n\t\t\t\t\t\t\t\t\t\t\t\t\t\t\t\t<article class=\"uagb-post__inner-wrap\">\t\t\t\t\t\t\t\t<h4 class=\"uagb-post__title uagb-post__text\">\n\t\t\t\t<a href=\"https:\/\/almoxarifado.pmtf.com.br\/site\/losartana\/\" target=\"_self\" rel=\"bookmark noopener noreferrer\">Losartana<\/a>\n\t\t\t<\/h4>\n\t\t\t\t\t\t<div class='uagb-post__text uagb-post-grid-byline'>\n\t\t\t\t\t\t\t\t<time datetime=\"2023-07-09T10:48:00+00:00\" class=\"uagb-post__date\">\n\t\t\t\t<span class=\"dashicons-calendar dashicons\"><\/span>\t\t\t\t\tjulho 9, 2023\t\t\t\t<\/time>\n\t\t\t\t\t\t<\/div>\n\t\t\t\t\t\t\t<div class='uagb-post__text uagb-post__excerpt'>\n\t\t\t\t\t<p>A Losartana \u00e9 um anti-hipertensivo classificado como Bloqueador dos Receptores da&#8230;\t\t\t\t<\/div>\n\t\t\t\t\t\t<div class=\"uagb-post__text uagb-post__cta wp-block-button\">\n\t\t\t\t<a class=\"wp-block-button__link uagb-text-link\" href=\"https:\/\/almoxarifado.pmtf.com.br\/site\/losartana\/\" target=\"_self\" rel=\"bookmark noopener noreferrer\">Leia mais<\/a>\n\t\t\t<\/div>\n\t\t\t\t\t\t\t\t\t\t\t\t<\/article>\n\t\t\t\t\t\t\t\t\t\t\t<\/div>\n\t\t\t<\/div><\/div>\n","protected":false},"excerpt":{"rendered":"<p>Bem-vindo! Servi\u00e7o de valor agregado! O Almoxarifado Central tem como objetivo disponibilizar materiais de consumo e equipamentos necess\u00e1rios para o andamento das atividades da Secretaria de Sa\u00fade e da Secretaria de Administra\u00e7\u00e3o, vinculadas \u00e0 Prefeitura Municipal de Teixeira de Freitas. Conhe\u00e7a um pouco sobre os produtos e a\u00e7\u00f5es do Almoxarifado Central. Aqui tem a\u00e7\u00f5es por &hellip;<\/p>\n<p class=\"read-more\"> <a class=\"\" href=\"https:\/\/almoxarifado.pmtf.com.br\/site\/\"> <span class=\"screen-reader-text\">In\u00edcio<\/span> Leia mais &raquo;<\/a><\/p>\n","protected":false},"author":1,"featured_media":0,"parent":0,"menu_order":0,"comment_status":"closed","ping_status":"closed","template":"","meta":{"_uag_custom_page_level_css":"","site-sidebar-layout":"default","site-content-layout":"default","ast-global-header-display":"","ast-banner-title-visibility":"","ast-main-header-display":"","ast-hfb-above-header-display":"","ast-hfb-below-header-display":"","ast-hfb-mobile-header-display":"","site-post-title":"disabled","ast-breadcrumbs-content":"","ast-featured-img":"","footer-sml-layout":"","theme-transparent-header-meta":"","adv-header-id-meta":"","stick-header-meta":"","header-above-stick-meta":"","header-main-stick-meta":"","header-below-stick-meta":"","footnotes":""},"class_list":["post-429","page","type-page","status-publish","hentry"],"uagb_featured_image_src":{"full":false,"thumbnail":false,"medium":false,"medium_large":false,"large":false,"1536x1536":false,"2048x2048":false},"uagb_author_info":{"display_name":"admin","author_link":"https:\/\/almoxarifado.pmtf.com.br\/site\/author\/admin\/"},"uagb_comment_info":0,"uagb_excerpt":"Bem-vindo! Servi\u00e7o de valor agregado! O Almoxarifado Central tem como objetivo disponibilizar materiais de consumo e equipamentos necess\u00e1rios para o andamento das atividades da Secretaria de Sa\u00fade e da Secretaria de Administra\u00e7\u00e3o, vinculadas \u00e0 Prefeitura Municipal de Teixeira de Freitas. Conhe\u00e7a um pouco sobre os produtos e a\u00e7\u00f5es do Almoxarifado Central. Aqui tem a\u00e7\u00f5es por&hellip;","_links":{"self":[{"href":"https:\/\/almoxarifado.pmtf.com.br\/site\/wp-json\/wp\/v2\/pages\/429","targetHints":{"allow":["GET"]}}],"collection":[{"href":"https:\/\/almoxarifado.pmtf.com.br\/site\/wp-json\/wp\/v2\/pages"}],"about":[{"href":"https:\/\/almoxarifado.pmtf.com.br\/site\/wp-json\/wp\/v2\/types\/page"}],"author":[{"embeddable":true,"href":"https:\/\/almoxarifado.pmtf.com.br\/site\/wp-json\/wp\/v2\/users\/1"}],"replies":[{"embeddable":true,"href":"https:\/\/almoxarifado.pmtf.com.br\/site\/wp-json\/wp\/v2\/comments?post=429"}],"version-history":[{"count":62,"href":"https:\/\/almoxarifado.pmtf.com.br\/site\/wp-json\/wp\/v2\/pages\/429\/revisions"}],"predecessor-version":[{"id":1356,"href":"https:\/\/almoxarifado.pmtf.com.br\/site\/wp-json\/wp\/v2\/pages\/429\/revisions\/1356"}],"wp:attachment":[{"href":"https:\/\/almoxarifado.pmtf.com.br\/site\/wp-json\/wp\/v2\/media?parent=429"}],"curies":[{"name":"wp","href":"https:\/\/api.w.org\/{rel}","templated":true}]}}