{"id":16,"date":"2022-12-12T13:24:40","date_gmt":"2022-12-12T13:24:40","guid":{"rendered":"https:\/\/almoxarifado.pmtf.com.br\/site\/about\/"},"modified":"2023-07-10T12:13:10","modified_gmt":"2023-07-10T12:13:10","slug":"administrativo","status":"publish","type":"page","link":"https:\/\/almoxarifado.pmtf.com.br\/site\/administrativo\/","title":{"rendered":"Administrativo"},"content":{"rendered":"\n<div class=\"wp-block-uagb-container uagb-block-9d024eda alignfull uagb-is-root-container\"><div class=\"uagb-container-inner-blocks-wrap\">\n<div class=\"wp-block-uagb-advanced-heading uagb-block-19549e04\"><h1 class=\"uagb-heading-text\">Administrativo<\/h1><\/div>\n<\/div><\/div>\n\n\n\n<div class=\"wp-block-uagb-container uagb-block-fbea089f alignfull uagb-is-root-container\"><div class=\"uagb-container-inner-blocks-wrap\">\n<div class=\"wp-block-uagb-container uagb-block-4a28f4e2\">\n<div class=\"wp-block-uagb-image uagb-block-6f22db0a wp-block-uagb-image--layout-default wp-block-uagb-image--effect-static wp-block-uagb-image--align-none\"><figure class=\"wp-block-uagb-image__figure\"><img decoding=\"async\" srcset=\"https:\/\/almoxarifado.pmtf.com.br\/site\/wp-content\/uploads\/2023\/07\/login-1.png \" sizes=\"auto, (max-width: 480px) 150px\" src=\"https:\/\/almoxarifado.pmtf.com.br\/site\/wp-content\/uploads\/2023\/07\/login-1.png\" alt=\"\" class=\"uag-image-1212\" width=\"566\" height=\"694\" title=\"\" loading=\"lazy\"\/><\/figure><\/div>\n<\/div>\n\n\n\n<div class=\"wp-block-uagb-container uagb-block-488b2625\">\n<div class=\"wp-block-uagb-advanced-heading uagb-block-2f9f1d78\"><h2 class=\"uagb-heading-text\">\u00c1rea de Login<\/h2><p class=\"uagb-desc-text\">Identifique-se no Almoxarifado Central para ter acesso<\/p><\/div>\n\n\n\n<div class=\"wp-block-uagb-info-box uagb-block-325dfa84 uagb-infobox__content-wrap  uagb-infobox-icon-above-title uagb-infobox-image-valign-top\"><div class=\"uagb-ifb-content\"><div class=\"uagb-ifb-title-wrap\"><\/div><p class=\"uagb-ifb-desc\"><div class=\"forminator-ui forminator-custom-form forminator-custom-form-1207 forminator-design--default  forminator_ajax\" data-forminator-render=\"0\" data-form=\"forminator-module-1207\" data-uid=\"69e63a0b6739a\"><br\/><\/div><form\n\t\t\t\tid=\"forminator-module-1207\"\n\t\t\t\tclass=\"forminator-ui forminator-custom-form forminator-custom-form-1207 forminator-design--default  forminator_ajax\"\n\t\t\t\tmethod=\"post\"\n\t\t\t\tdata-forminator-render=\"0\"\n\t\t\t\tdata-form-id=\"1207\"\n\t\t\t\t\n\t\t\t\tdata-design=\"default\"\n\t\t\t\t\n\t\t\t\t\n\t\t\t\t\n\t\t\t\tdata-grid=\"open\"\n\t\t\t\t\n\t\t\t\t\n\t\t\t\tstyle=\"display: none;\"\n\t\t\t\t\n\t\t\t\tdata-uid=\"69e63a0b6739a\"\n\t\t\t><div role=\"alert\" aria-live=\"polite\" class=\"forminator-response-message forminator-error\" aria-hidden=\"true\"><\/div><div class=\"forminator-row\"><div id=\"text-1\" class=\"forminator-col forminator-col-12 \"><div class=\"forminator-field\"><label for=\"forminator-field-text-1_69e63a0b6739a\" class=\"forminator-label\" id=\"forminator-field-text-1_69e63a0b6739a-label\">Usu\u00e1rio ou E-mail <span class=\"forminator-required\">*<\/span><\/label><input type=\"text\" name=\"text-1\" value=\"\" placeholder=\"Digite o nome de usu\u00e1rio ou e-mail\" id=\"forminator-field-text-1_69e63a0b6739a\" class=\"forminator-input forminator-name--field\" data-required=\"true\" \/><\/div><\/div><\/div><div class=\"forminator-row\"><div id=\"password-1\" class=\"forminator-col forminator-col-12 \"><div class=\"forminator-field\"><label for=\"forminator-field-password-1_69e63a0b6739a\" class=\"forminator-label\" id=\"forminator-field-password-1_69e63a0b6739a-label\">Senha <span class=\"forminator-required\">*<\/span><\/label><input name=\"password-1\" value=\"\" placeholder=\"Insira sua senha\" id=\"forminator-field-password-1_69e63a0b6739a\" class=\"forminator-input forminator-name--field\" data-required=\"true\" type=\"password\" aria-describedby=\"forminator-field-password-1_69e63a0b6739a-description\" \/><\/div><div class=\"forminator-description forminator-description-password\" id=\"forminator-field-password-1_69e63a0b6739a-description\"><p><a rel=\"noopener\" target=\"_blank\" href=\"https:\/\/almoxarifado.pmtf.com.br\/site\/wp-login.php?action=lostpassword&amp;redirect_to=https%3A%2F%2Falmoxarifado.pmtf.com.br%2Fsite%2Fadministrativo%2F\" title=\"Lost Password\">Esqueceu sua senha?<\/a><\/p><\/div><\/div><\/div><div class=\"forminator-row\"><div id=\"checkbox-1\" class=\"forminator-col forminator-col-12  remember-me\"><div role=\"group\" class=\"forminator-field\" aria-labelledby=\"forminator-checkbox-group-69e63a0b6739a-label\"><label id=\"forminator-field-checkbox-1-1-69e63a0b6739a-label\" for=\"forminator-field-checkbox-1-1-69e63a0b6739a\" class=\"forminator-checkbox\" title=\"Lembre-se de mim\"><input type=\"checkbox\" name=\"checkbox-1[]\" value=\"remember-me\" id=\"forminator-field-checkbox-1-1-69e63a0b6739a\" aria-labelledby=\"forminator-field-checkbox-1-1-69e63a0b6739a-label\" data-calculation=\"0\"   aria-describedby=\"forminator-field-checkbox-1-69e63a0b6739a-description\"\/><span class=\"forminator-checkbox-box\" aria-hidden=\"true\"><\/span><span class=\"forminator-checkbox-label\">Lembre-se de mim<\/span><\/label><\/div><\/div><\/div><input type=\"hidden\" name=\"referer_url\" value=\"\" \/><div class=\"forminator-row forminator-row-last\"><div class=\"forminator-col\"><div class=\"forminator-field\"><button class=\"forminator-button forminator-button-submit\">Login<\/button><\/div><\/div><\/div><input type=\"hidden\" id=\"forminator_nonce\" name=\"forminator_nonce\" value=\"2decf403f4\" \/><input type=\"hidden\" name=\"_wp_http_referer\" value=\"\/site\/wp-json\/wp\/v2\/pages\/16\" \/><input type=\"hidden\" name=\"form_id\" value=\"1207\"><input type=\"hidden\" name=\"page_id\" value=\"16\"><input type=\"hidden\" name=\"form_type\" value=\"login\"><input type=\"hidden\" name=\"current_url\" value=\"https:\/\/almoxarifado.pmtf.com.br\/site\/administrativo\/\"><input type=\"hidden\" name=\"render_id\" value=\"0\"><input type=\"hidden\" name=\"redirect_to\" value=\"https:\/\/almoxarifado.pmtf.com.br\/site\/wp-admin\/\"><input type=\"hidden\" name=\"action\" value=\"forminator_submit_form_custom-forms\"><\/form><\/p><\/div><\/div>\n\n\n\n<div class=\"wp-block-uagb-advanced-heading uagb-block-0a578e87\"><h4 class=\"uagb-heading-text\">\u00c1rea restrita a usu\u00e1rios cadastrados<\/h4><\/div>\n<\/div>\n<\/div><\/div>\n\n\n\n<div class=\"wp-block-buttons is-layout-flex wp-block-buttons-is-layout-flex\"><\/div>\n\n\n\n<p><\/p>\n","protected":false},"excerpt":{"rendered":"<p>Administrativo \u00c1rea de Login Identifique-se no Almoxarifado Central para ter acesso \u00c1rea restrita a usu\u00e1rios cadastrados<\/p>\n","protected":false},"author":1,"featured_media":0,"parent":0,"menu_order":0,"comment_status":"closed","ping_status":"closed","template":"","meta":{"_uag_custom_page_level_css":"","site-sidebar-layout":"default","site-content-layout":"default","ast-global-header-display":"","ast-banner-title-visibility":"","ast-main-header-display":"","ast-hfb-above-header-display":"","ast-hfb-below-header-display":"","ast-hfb-mobile-header-display":"","site-post-title":"disabled","ast-breadcrumbs-content":"","ast-featured-img":"","footer-sml-layout":"","theme-transparent-header-meta":"","adv-header-id-meta":"","stick-header-meta":"","header-above-stick-meta":"","header-main-stick-meta":"","header-below-stick-meta":"","footnotes":""},"class_list":["post-16","page","type-page","status-publish","hentry"],"uagb_featured_image_src":{"full":false,"thumbnail":false,"medium":false,"medium_large":false,"large":false,"1536x1536":false,"2048x2048":false},"uagb_author_info":{"display_name":"admin","author_link":"https:\/\/almoxarifado.pmtf.com.br\/site\/author\/admin\/"},"uagb_comment_info":0,"uagb_excerpt":"Administrativo \u00c1rea de Login Identifique-se no Almoxarifado Central para ter acesso \u00c1rea restrita a usu\u00e1rios cadastrados","_links":{"self":[{"href":"https:\/\/almoxarifado.pmtf.com.br\/site\/wp-json\/wp\/v2\/pages\/16","targetHints":{"allow":["GET"]}}],"collection":[{"href":"https:\/\/almoxarifado.pmtf.com.br\/site\/wp-json\/wp\/v2\/pages"}],"about":[{"href":"https:\/\/almoxarifado.pmtf.com.br\/site\/wp-json\/wp\/v2\/types\/page"}],"author":[{"embeddable":true,"href":"https:\/\/almoxarifado.pmtf.com.br\/site\/wp-json\/wp\/v2\/users\/1"}],"replies":[{"embeddable":true,"href":"https:\/\/almoxarifado.pmtf.com.br\/site\/wp-json\/wp\/v2\/comments?post=16"}],"version-history":[{"count":21,"href":"https:\/\/almoxarifado.pmtf.com.br\/site\/wp-json\/wp\/v2\/pages\/16\/revisions"}],"predecessor-version":[{"id":1222,"href":"https:\/\/almoxarifado.pmtf.com.br\/site\/wp-json\/wp\/v2\/pages\/16\/revisions\/1222"}],"wp:attachment":[{"href":"https:\/\/almoxarifado.pmtf.com.br\/site\/wp-json\/wp\/v2\/media?parent=16"}],"curies":[{"name":"wp","href":"https:\/\/api.w.org\/{rel}","templated":true}]}}