{"id":15,"date":"2022-12-12T13:24:40","date_gmt":"2022-12-12T13:24:40","guid":{"rendered":"https:\/\/almoxarifado.pmtf.com.br\/site\/services\/"},"modified":"2024-07-11T19:36:09","modified_gmt":"2024-07-11T19:36:09","slug":"servicos","status":"publish","type":"page","link":"https:\/\/almoxarifado.pmtf.com.br\/site\/servicos\/","title":{"rendered":"Servi\u00e7os"},"content":{"rendered":"\n<div class=\"wp-block-uagb-container uagb-block-eefa7f7c alignfull uagb-is-root-container\"><div class=\"uagb-container-inner-blocks-wrap\">\n<div class=\"wp-block-uagb-container uagb-block-8d893eaf\">\n<div class=\"wp-block-uagb-advanced-heading uagb-block-8d508e4b\"><h1 class=\"uagb-heading-text\">Servi\u00e7os\u200b<\/h1><\/div>\n<\/div>\n<\/div><\/div>\n\n\n\n<div class=\"wp-block-uagb-container uagb-block-b82937e2 alignfull uagb-is-root-container\"><div class=\"uagb-container-inner-blocks-wrap\">\n<div class=\"wp-block-uagb-advanced-heading uagb-block-d66b88cd\"><h2 class=\"uagb-heading-text\">O que fazemos:<\/h2><p class=\"uagb-desc-text\">Nossa s\u00f3lida cultura de trabalho em equipe \u00e9 fundamentada na antecipa\u00e7\u00e3o das tend\u00eancias. Investimos em tecnologia de ponta e no desenvolvimento de nosso capital humano para aperfei\u00e7oar continuamente nossos servi\u00e7os, proporcionando o que h\u00e1 de mais moderno e eficiente para atender a todas as demandas de nossas unidades.<\/p><\/div>\n\n\n\n<div class=\"wp-block-uagb-container uagb-block-021435b6\">\n<div class=\"wp-block-uagb-container uagb-block-44f72479\">\n<div class=\"wp-block-uagb-info-box uagb-block-4da7e81b uagb-infobox__content-wrap  uagb-infobox-icon-above-title uagb-infobox-image-valign-top\"><div class=\"uagb-ifb-content\"><div class=\"uagb-ifb-image-content\"><img decoding=\"async\" src=\"https:\/\/almoxarifado.pmtf.com.br\/site\/wp-content\/uploads\/2023\/07\/recepcionar_2-150x150.png\" alt=\"\" width=\"18\" height=\"18\" loading=\"lazy\"\/><\/div><div class=\"uagb-ifb-title-wrap\"><h5 class=\"uagb-ifb-title\">Recepcionar<\/h5><\/div><p class=\"uagb-ifb-desc\">Os mais diversos produtos que chegam at\u00e9 o Almoxarifado, facilitando a recep\u00e7\u00e3o e desembarque da carga.<\/p><\/div><\/div>\n\n\n\n<div class=\"wp-block-uagb-info-box uagb-block-3ac2a7df uagb-infobox__content-wrap  uagb-infobox-icon-above-title uagb-infobox-image-valign-top\"><div class=\"uagb-ifb-content\"><div class=\"uagb-ifb-image-content\"><img decoding=\"async\" src=\"https:\/\/almoxarifado.pmtf.com.br\/site\/wp-content\/uploads\/2023\/07\/conferir_3-150x150.png\" alt=\"\" width=\"18\" height=\"18\" loading=\"lazy\"\/><\/div><div class=\"uagb-ifb-title-wrap\"><h5 class=\"uagb-ifb-title\">Conferir<\/h5><\/div><p class=\"uagb-ifb-desc\">Todos os produtos recebidos, analisando sua integridade, validade e separando para organiza\u00e7\u00e3o e armazenagem. <\/p><\/div><\/div>\n\n\n\n<div class=\"wp-block-uagb-info-box uagb-block-e538a09f uagb-infobox__content-wrap  uagb-infobox-icon-above-title uagb-infobox-image-valign-top\"><div class=\"uagb-ifb-content\"><div class=\"uagb-ifb-image-content\"><img decoding=\"async\" src=\"https:\/\/almoxarifado.pmtf.com.br\/site\/wp-content\/uploads\/2023\/07\/caixas.png\" alt=\"\" width=\"19\" height=\"19\" loading=\"lazy\"\/><\/div><div class=\"uagb-ifb-title-wrap\"><h5 class=\"uagb-ifb-title\">Organizar<\/h5><\/div><p class=\"uagb-ifb-desc\">Os produtos s\u00e3o organizados por tipo, lote e validade, otimizando tempo para sua correta armazenagem.<\/p><\/div><\/div>\n<\/div>\n\n\n\n<div class=\"wp-block-uagb-container uagb-block-e14a283d\">\n<div class=\"wp-block-uagb-info-box uagb-block-6378c996 uagb-infobox__content-wrap  uagb-infobox-icon-above-title uagb-infobox-image-valign-top\"><div class=\"uagb-ifb-content\"><div class=\"uagb-ifb-image-content\"><img decoding=\"async\" src=\"https:\/\/almoxarifado.pmtf.com.br\/site\/wp-content\/uploads\/2023\/07\/armazenar_2-150x150.png\" alt=\"\" width=\"25\" height=\"25\" loading=\"lazy\"\/><\/div><div class=\"uagb-ifb-title-wrap\"><h5 class=\"uagb-ifb-title\">Armazenar<\/h5><\/div><p class=\"uagb-ifb-desc\">\u00c0 correta armazenagem nas opera\u00e7\u00f5es de log\u00edstica \u00e9 fator determinante para o sucesso na hora da distribui\u00e7\u00e3o.<\/p><\/div><\/div>\n\n\n\n<div class=\"wp-block-uagb-info-box uagb-block-fcc3e741 uagb-infobox__content-wrap  uagb-infobox-icon-above-title uagb-infobox-image-valign-top\"><div class=\"uagb-ifb-content\"><div class=\"uagb-ifb-image-content\"><img decoding=\"async\" src=\"https:\/\/almoxarifado.pmtf.com.br\/site\/wp-content\/uploads\/2023\/07\/controlar-150x150.png\" alt=\"\" width=\"19\" height=\"19\" loading=\"lazy\"\/><\/div><div class=\"uagb-ifb-title-wrap\"><h5 class=\"uagb-ifb-title\">Controlar<\/h5><\/div><p class=\"uagb-ifb-desc\">Controlar a entrada e sa\u00edda, mantendo dados e informa\u00e7\u00f5es estrat\u00e9gicas para consultas e tomadas de decis\u00f5es.<\/p><\/div><\/div>\n\n\n\n<div class=\"wp-block-uagb-info-box uagb-block-25de66cb uagb-infobox__content-wrap  uagb-infobox-icon-above-title uagb-infobox-image-valign-top\"><div class=\"uagb-ifb-content\"><div class=\"uagb-ifb-image-content\"><img decoding=\"async\" src=\"https:\/\/almoxarifado.pmtf.com.br\/site\/wp-content\/uploads\/2023\/07\/van-1.png\" alt=\"\" width=\"19\" height=\"19\" loading=\"lazy\"\/><\/div><div class=\"uagb-ifb-title-wrap\"><h5 class=\"uagb-ifb-title\">Distribuir<\/h5><\/div><p class=\"uagb-ifb-desc\">O objetivo da log\u00edstica de distribui\u00e7\u00e3o \u00e9 otimizar a entrega das mercadorias e tornar o processo mais r\u00e1pido e seguro.<\/p><\/div><\/div>\n<\/div>\n<\/div>\n<\/div><\/div>\n\n\n\n<div class=\"wp-block-uagb-container uagb-block-0589ac64 alignfull uagb-is-root-container\"><div class=\"uagb-container-inner-blocks-wrap\">\n<div class=\"wp-block-uagb-advanced-heading uagb-block-fd533c12\"><h3 class=\"uagb-heading-text\">Deseja saber mais? Entre em contato conosco. <\/h3><\/div>\n\n\n\n<div class=\"wp-block-uagb-container uagb-block-c2ac7f0a\">\n<div class=\"wp-block-uagb-buttons uagb-buttons__outer-wrap uagb-btn__default-btn uagb-btn-tablet__default-btn uagb-btn-mobile__default-btn uagb-block-622d3f17\"><div class=\"uagb-buttons__wrap uagb-buttons-layout-wrap\">\n<div class=\"wp-block-uagb-buttons-child uagb-buttons__outer-wrap uagb-block-ccd83cb7 wp-block-button is-style-outline\"><div class=\"uagb-button__wrapper\"><a class=\"uagb-buttons-repeater wp-block-button__link\" href=\"https:\/\/almoxarifado.pmtf.com.br\/site\/contato\/\" onclick=\"return true;\" rel=\"follow noopener\" target=\"_self\"><span class=\"uagb-button__icon uagb-button__icon-position-before\"><svg xmlns=\"https:\/\/www.w3.org\/2000\/svg\" viewBox=\"0 0 512 512\"><path d=\"M464 64C490.5 64 512 85.49 512 112C512 127.1 504.9 141.3 492.8 150.4L275.2 313.6C263.8 322.1 248.2 322.1 236.8 313.6L19.2 150.4C7.113 141.3 0 127.1 0 112C0 85.49 21.49 64 48 64H464zM217.6 339.2C240.4 356.3 271.6 356.3 294.4 339.2L512 176V384C512 419.3 483.3 448 448 448H64C28.65 448 0 419.3 0 384V176L217.6 339.2z\"><\/path><\/svg><\/span><div class=\"uagb-button__link\">Contato<\/div><\/a><\/div><\/div>\n<\/div><\/div>\n<\/div>\n<\/div><\/div>\n\n\n\n<div class=\"wp-block-uagb-container uagb-block-50ec8d5d alignfull uagb-is-root-container\"><div class=\"uagb-container-inner-blocks-wrap\">\n<div class=\"wp-block-uagb-container uagb-block-a069a09a\">\n<div class=\"wp-block-uagb-image uagb-block-0b9d65c4 wp-block-uagb-image--layout-default wp-block-uagb-image--effect-static wp-block-uagb-image--align-none\"><figure class=\"wp-block-uagb-image__figure\"><img decoding=\"async\" srcset=\"https:\/\/almoxarifado.pmtf.com.br\/site\/wp-content\/uploads\/2023\/07\/Logistica.png \" sizes=\"auto, (max-width: 480px) 150px\" src=\"https:\/\/almoxarifado.pmtf.com.br\/site\/wp-content\/uploads\/2023\/07\/Logistica.png\" alt=\"\" class=\"uag-image-1164\" width=\"566\" height=\"694\" title=\"\" loading=\"lazy\"\/><\/figure><\/div>\n<\/div>\n\n\n\n<div class=\"wp-block-uagb-container uagb-block-062828bd\">\n<div class=\"wp-block-uagb-advanced-heading uagb-block-f570bc46\"><h2 class=\"uagb-heading-text\">Vantagens do Almoxarifado Central<\/h2><\/div>\n\n\n\n<div class=\"wp-block-uagb-faq uagb-faq__outer-wrap uagb-block-b53cb406 uagb-faq-icon-row-reverse uagb-faq-layout-accordion uagb-faq-expand-first-false uagb-faq-inactive-other-true uagb-faq__wrap uagb-buttons-layout-wrap uagb-faq-equal-height\" data-faqtoggle=\"true\" role=\"tablist\">\n<div class=\"wp-block-uagb-faq-child uagb-faq-child__outer-wrap uagb-faq-item uagb-block-6f40ae88\" role=\"tab\" tabindex=\"0\"><div class=\"uagb-faq-questions-button uagb-faq-questions\"><span class=\"uagb-icon uagb-faq-icon-wrap\"><\/span><span class=\"uagb-icon-active uagb-faq-icon-wrap\"><svg xmlns=\"https:\/\/www.w3.org\/2000\/svg\" viewBox=\"0 0 320 512\"><path d=\"M9.39 265.4l127.1-128C143.6 131.1 151.8 128 160 128s16.38 3.125 22.63 9.375l127.1 128c9.156 9.156 11.9 22.91 6.943 34.88S300.9 320 287.1 320H32.01c-12.94 0-24.62-7.781-29.58-19.75S.2333 274.5 9.39 265.4z\"><\/path><\/svg><\/span><span class=\"uagb-question\">Localiza\u00e7\u00e3o Estrat\u00e9gica<\/span><\/div><p class=\"uagb-faq-content\">Local privilegiado, centralizado e de f\u00e1cil localiza\u00e7\u00e3o para o recebimento de mercadorias, facilitando e tornando mais eficiente a distribui\u00e7\u00e3o dos materiais para as unidades.<\/p><\/div>\n\n\n\n<div class=\"wp-block-uagb-faq-child uagb-faq-child__outer-wrap uagb-faq-item uagb-block-0ea8ae58\" role=\"tab\" tabindex=\"0\"><div class=\"uagb-faq-questions-button uagb-faq-questions\"><span class=\"uagb-icon uagb-faq-icon-wrap\"><\/span><span class=\"uagb-icon-active uagb-faq-icon-wrap\"><svg xmlns=\"https:\/\/www.w3.org\/2000\/svg\" viewBox=\"0 0 320 512\"><path d=\"M9.39 265.4l127.1-128C143.6 131.1 151.8 128 160 128s16.38 3.125 22.63 9.375l127.1 128c9.156 9.156 11.9 22.91 6.943 34.88S300.9 320 287.1 320H32.01c-12.94 0-24.62-7.781-29.58-19.75S.2333 274.5 9.39 265.4z\"><\/path><\/svg><\/span><span class=\"uagb-question\">Separa\u00e7\u00e3o de Carga<\/span><\/div><p class=\"uagb-faq-content\">Com a agilidade, seguran\u00e7a e efici\u00eancia, permitimos uma distribui\u00e7\u00e3o mais \u00e1gil e redu\u00e7\u00e3o de custos, atendendo com habilidade \u00e0s necessidades espec\u00edficas de cada unidade.<\/p><\/div>\n\n\n\n<div class=\"wp-block-uagb-faq-child uagb-faq-child__outer-wrap uagb-faq-item uagb-block-25b1c7a6\" role=\"tab\" tabindex=\"0\"><div class=\"uagb-faq-questions-button uagb-faq-questions\"><span class=\"uagb-icon uagb-faq-icon-wrap\"><\/span><span class=\"uagb-icon-active uagb-faq-icon-wrap\"><svg xmlns=\"https:\/\/www.w3.org\/2000\/svg\" viewBox=\"0 0 320 512\"><path d=\"M9.39 265.4l127.1-128C143.6 131.1 151.8 128 160 128s16.38 3.125 22.63 9.375l127.1 128c9.156 9.156 11.9 22.91 6.943 34.88S300.9 320 287.1 320H32.01c-12.94 0-24.62-7.781-29.58-19.75S.2333 274.5 9.39 265.4z\"><\/path><\/svg><\/span><span class=\"uagb-question\">Controle dos Produtos<\/span><\/div><p class=\"uagb-faq-content\">Acompanhamento das reposi\u00e7\u00f5es necess\u00e1rias, melhor localiza\u00e7\u00e3o dos itens \u00e0 serem distribu\u00eddos, realoca\u00e7\u00e3o de itens entre as unidades para redu\u00e7\u00e3o de desperd\u00edcios ou ac\u00famulo desnecess\u00e1rio de produtos e analise de consumo.<\/p><\/div>\n\n\n\n<div class=\"wp-block-uagb-faq-child uagb-faq-child__outer-wrap uagb-faq-item uagb-block-4e4e31fd\" role=\"tab\" tabindex=\"0\"><div class=\"uagb-faq-questions-button uagb-faq-questions\"><span class=\"uagb-icon uagb-faq-icon-wrap\"><\/span><span class=\"uagb-icon-active uagb-faq-icon-wrap\"><svg xmlns=\"https:\/\/www.w3.org\/2000\/svg\" viewBox=\"0 0 320 512\"><path d=\"M9.39 265.4l127.1-128C143.6 131.1 151.8 128 160 128s16.38 3.125 22.63 9.375l127.1 128c9.156 9.156 11.9 22.91 6.943 34.88S300.9 320 287.1 320H32.01c-12.94 0-24.62-7.781-29.58-19.75S.2333 274.5 9.39 265.4z\"><\/path><\/svg><\/span><span class=\"uagb-question\">Intelig\u00eancia e Analise de Dados<\/span><\/div><p class=\"uagb-faq-content\">Ajudamos a gest\u00e3o a entender melhor as necessidades da cadeia de distribui\u00e7\u00e3o, permitindo a melhoria no processo de tomada de decis\u00e3o, baseando-a em evid\u00eancias, facilitando o acesso e o compartilhamento de informa\u00e7\u00f5es que d\u00e3o suporte \u00e0 gest\u00e3o.<\/p><\/div>\n<\/div>\n<\/div>\n<\/div><\/div>\n","protected":false},"excerpt":{"rendered":"<p>Servi\u00e7os\u200b O que fazemos: Nossa s\u00f3lida cultura de trabalho em equipe \u00e9 fundamentada na antecipa\u00e7\u00e3o das tend\u00eancias. Investimos em tecnologia de ponta e no desenvolvimento de nosso capital humano para aperfei\u00e7oar continuamente nossos servi\u00e7os, proporcionando o que h\u00e1 de mais moderno e eficiente para atender a todas as demandas de nossas unidades. Deseja saber mais? &hellip;<\/p>\n<p class=\"read-more\"> <a class=\"\" href=\"https:\/\/almoxarifado.pmtf.com.br\/site\/servicos\/\"> <span class=\"screen-reader-text\">Servi\u00e7os<\/span> Leia mais &raquo;<\/a><\/p>\n","protected":false},"author":1,"featured_media":0,"parent":0,"menu_order":0,"comment_status":"closed","ping_status":"closed","template":"","meta":{"_uag_custom_page_level_css":"","site-sidebar-layout":"default","site-content-layout":"default","ast-global-header-display":"","ast-banner-title-visibility":"","ast-main-header-display":"","ast-hfb-above-header-display":"","ast-hfb-below-header-display":"","ast-hfb-mobile-header-display":"","site-post-title":"disabled","ast-breadcrumbs-content":"","ast-featured-img":"","footer-sml-layout":"","theme-transparent-header-meta":"","adv-header-id-meta":"","stick-header-meta":"","header-above-stick-meta":"","header-main-stick-meta":"","header-below-stick-meta":"","footnotes":""},"class_list":["post-15","page","type-page","status-publish","hentry"],"uagb_featured_image_src":{"full":false,"thumbnail":false,"medium":false,"medium_large":false,"large":false,"1536x1536":false,"2048x2048":false},"uagb_author_info":{"display_name":"admin","author_link":"https:\/\/almoxarifado.pmtf.com.br\/site\/author\/admin\/"},"uagb_comment_info":0,"uagb_excerpt":"Servi\u00e7os\u200b O que fazemos: Nossa s\u00f3lida cultura de trabalho em equipe \u00e9 fundamentada na antecipa\u00e7\u00e3o das tend\u00eancias. Investimos em tecnologia de ponta e no desenvolvimento de nosso capital humano para aperfei\u00e7oar continuamente nossos servi\u00e7os, proporcionando o que h\u00e1 de mais moderno e eficiente para atender a todas as demandas de nossas unidades. Deseja saber mais?&hellip;","_links":{"self":[{"href":"https:\/\/almoxarifado.pmtf.com.br\/site\/wp-json\/wp\/v2\/pages\/15","targetHints":{"allow":["GET"]}}],"collection":[{"href":"https:\/\/almoxarifado.pmtf.com.br\/site\/wp-json\/wp\/v2\/pages"}],"about":[{"href":"https:\/\/almoxarifado.pmtf.com.br\/site\/wp-json\/wp\/v2\/types\/page"}],"author":[{"embeddable":true,"href":"https:\/\/almoxarifado.pmtf.com.br\/site\/wp-json\/wp\/v2\/users\/1"}],"replies":[{"embeddable":true,"href":"https:\/\/almoxarifado.pmtf.com.br\/site\/wp-json\/wp\/v2\/comments?post=15"}],"version-history":[{"count":40,"href":"https:\/\/almoxarifado.pmtf.com.br\/site\/wp-json\/wp\/v2\/pages\/15\/revisions"}],"predecessor-version":[{"id":1354,"href":"https:\/\/almoxarifado.pmtf.com.br\/site\/wp-json\/wp\/v2\/pages\/15\/revisions\/1354"}],"wp:attachment":[{"href":"https:\/\/almoxarifado.pmtf.com.br\/site\/wp-json\/wp\/v2\/media?parent=15"}],"curies":[{"name":"wp","href":"https:\/\/api.w.org\/{rel}","templated":true}]}}